{"id":16370,"date":"2023-01-03T16:53:56","date_gmt":"2023-01-03T16:53:56","guid":{"rendered":"https:\/\/aicqpiemonte.it\/?page_id=16370"},"modified":"2023-05-30T16:53:05","modified_gmt":"2023-05-30T16:53:05","slug":"chi-siamo","status":"publish","type":"page","link":"https:\/\/aicqpiemonte.it\/index.php\/chi-siamo\/","title":{"rendered":"Chi siamo"},"content":{"rendered":"\t\t<div data-elementor-type=\"wp-page\" data-elementor-id=\"16370\" class=\"elementor elementor-16370\">\n\t\t\t\t\t\t\t\t\t<section class=\"elementor-section elementor-top-section elementor-element elementor-element-c685c46 elementor-section-boxed elementor-section-height-default elementor-section-height-default\" data-id=\"c685c46\" data-element_type=\"section\">\n\t\t\t\t\t\t<div class=\"elementor-container elementor-column-gap-default\">\n\t\t\t\t\t<div class=\"elementor-column elementor-col-100 elementor-top-column elementor-element elementor-element-05a9b7d\" data-id=\"05a9b7d\" data-element_type=\"column\">\n\t\t\t<div class=\"elementor-widget-wrap elementor-element-populated\">\n\t\t\t\t\t\t\t\t<div class=\"elementor-element elementor-element-ff5bff4 elementor-widget elementor-widget-heading\" data-id=\"ff5bff4\" data-element_type=\"widget\" data-widget_type=\"heading.default\">\n\t\t\t\t<div class=\"elementor-widget-container\">\n\t\t\t<style>\/*! elementor - v3.18.0 - 20-12-2023 *\/\n.elementor-heading-title{padding:0;margin:0;line-height:1}.elementor-widget-heading .elementor-heading-title[class*=elementor-size-]>a{color:inherit;font-size:inherit;line-height:inherit}.elementor-widget-heading .elementor-heading-title.elementor-size-small{font-size:15px}.elementor-widget-heading .elementor-heading-title.elementor-size-medium{font-size:19px}.elementor-widget-heading .elementor-heading-title.elementor-size-large{font-size:29px}.elementor-widget-heading .elementor-heading-title.elementor-size-xl{font-size:39px}.elementor-widget-heading .elementor-heading-title.elementor-size-xxl{font-size:59px}<\/style><h2 class=\"elementor-heading-title elementor-size-default\">La nostra mission<\/h2>\t\t<\/div>\n\t\t\t\t<\/div>\n\t\t\t\t<div class=\"elementor-element elementor-element-2c51663 elementor-widget elementor-widget-text-editor\" data-id=\"2c51663\" data-element_type=\"widget\" data-widget_type=\"text-editor.default\">\n\t\t\t\t<div class=\"elementor-widget-container\">\n\t\t\t<style>\/*! elementor - v3.18.0 - 20-12-2023 *\/\n.elementor-widget-text-editor.elementor-drop-cap-view-stacked .elementor-drop-cap{background-color:#69727d;color:#fff}.elementor-widget-text-editor.elementor-drop-cap-view-framed .elementor-drop-cap{color:#69727d;border:3px solid;background-color:transparent}.elementor-widget-text-editor:not(.elementor-drop-cap-view-default) .elementor-drop-cap{margin-top:8px}.elementor-widget-text-editor:not(.elementor-drop-cap-view-default) .elementor-drop-cap-letter{width:1em;height:1em}.elementor-widget-text-editor .elementor-drop-cap{float:left;text-align:center;line-height:1;font-size:50px}.elementor-widget-text-editor .elementor-drop-cap-letter{display:inline-block}<\/style>\t\t\t\t<p dir=\"ltr\" align=\"justify\"><strong>L\u2019Associazione ha carattere culturale, \u00e8 apolitica e aconfessionale, non pu\u00f2 svolgere attivit\u00e0 di ordine sindacale, non ha finalit\u00e0 di lucro.<\/strong><\/p><p dir=\"ltr\" align=\"justify\">La missione dell\u2019Associazione, in coerenza con politiche ed indirizzi di AICQ Nazionale, \u00e8 di rappresentare un polo culturale in materia di qualit\u00e0 per le organizzazioni del Piemonte e della Val d\u2019Aosta, attraverso<br \/>\u25c9 <strong>l\u2019individuazione di tendenze e la diffusione di metodologie innovative<\/strong> a supporto della qualit\u00e0 dei processi di funzionamento delle organizzazioni;<br \/>\u25c9 <strong>la promozione dell\u2019analisi e misura di coerenza tra i prodotti\/servizi<\/strong> delle organizzazioni e le aspettative dei clienti e altre parti interessate.<\/p><p align=\"justify\"><br \/>Per la realizzazione della missione, effettua analisi in campo nazionale e internazionale dell\u2019evoluzione di strategie, principi, metodologie e normative inerenti ai sistemi di gestione della qualit\u00e0.<br \/>Promuove e realizza, con il concorso degli associati e il supporto di Istituzioni ed Associazioni di categoria, studi e progetti per la definizione di metodologie finalizzate al miglioramento della qualit\u00e0 in settori specifici.<br \/><br \/><\/p><p>Attraverso la selezione e qualificazione delle migliori competenze disponibili sul mercato,<br \/>\u25c9\u00a0 effettua ricerche, definisce progetti e ne cura la relativa gestione operativa,<br \/>\u25c9\u00a0 fornisce supporto alla valutazione del livello di soddisfazione dei clienti e altre parti interessate,<br \/>\u25c9\u00a0 assicura offerta di formazione per la diffusione di principi e metodologie,<br \/>\u25c9\u00a0 cura lo sviluppo delle professionalit\u00e0 in ambito qualit\u00e0 e discipline correlate.<br \/>Promuove e organizza inoltre riunioni, conferenze, congressi, cura la diffusione di notizie e di informazioni ed assicura ogni altra iniziativa atta a stimolare l\u2019innovazione, la diffusione della conoscenza e la realizzazione delle applicazioni in materia di qualit\u00e0.<br \/><br \/><\/p><p align=\"justify\">Pu\u00f2 sviluppare ogni altra iniziativa ritenuta utile od opportuna al perseguimento della propria missione e compiere operazioni, non nei confronti del pubblico, di tipo immobiliare, mobiliare e finanziario, comprese l\u2019assunzione di mutui e finanziamenti in genere e la prestazione, senza carattere di professionalit\u00e0, di garanzie, anche reali.<\/p>\t\t\t\t\t\t<\/div>\n\t\t\t\t<\/div>\n\t\t\t\t<div class=\"elementor-element elementor-element-6df6d69 elementor-align-center elementor-widget elementor-widget-button\" data-id=\"6df6d69\" data-element_type=\"widget\" data-widget_type=\"button.default\">\n\t\t\t\t<div class=\"elementor-widget-container\">\n\t\t\t\t\t<div class=\"elementor-button-wrapper\">\n\t\t\t<a class=\"elementor-button elementor-button-link elementor-size-md\" href=\"https:\/\/aicqpiemonte.it\/wp-content\/uploads\/2023\/05\/Statuto-AICQ-Piemontese_2021.pdf\">\n\t\t\t\t\t\t<span class=\"elementor-button-content-wrapper\">\n\t\t\t\t\t\t<span class=\"elementor-button-text\">SCARICA LO STATUTO<\/span>\n\t\t<\/span>\n\t\t\t\t\t<\/a>\n\t\t<\/div>\n\t\t\t\t<\/div>\n\t\t\t\t<\/div>\n\t\t\t\t\t<\/div>\n\t\t<\/div>\n\t\t\t\t\t\t\t<\/div>\n\t\t<\/section>\n\t\t\t\t\t\t\t<\/div>\n\t\t","protected":false},"excerpt":{"rendered":"<p>La nostra mission L\u2019Associazione ha carattere culturale, \u00e8 apolitica e aconfessionale, non pu\u00f2 svolgere attivit\u00e0 di ordine sindacale, non ha finalit\u00e0 di lucro. La missione dell\u2019Associazione, in coerenza con politiche ed indirizzi di AICQ Nazionale, \u00e8 di rappresentare un polo culturale in materia di qualit\u00e0 per le organizzazioni del Piemonte e della Val d\u2019Aosta, attraverso\u25c9 [&hellip;]<\/p>\n","protected":false},"author":1,"featured_media":0,"parent":0,"menu_order":0,"comment_status":"closed","ping_status":"closed","template":"","meta":{"inline_featured_image":false,"footnotes":""},"class_list":["post-16370","page","type-page","status-publish","hentry"],"_links":{"self":[{"href":"https:\/\/aicqpiemonte.it\/index.php\/wp-json\/wp\/v2\/pages\/16370","targetHints":{"allow":["GET"]}}],"collection":[{"href":"https:\/\/aicqpiemonte.it\/index.php\/wp-json\/wp\/v2\/pages"}],"about":[{"href":"https:\/\/aicqpiemonte.it\/index.php\/wp-json\/wp\/v2\/types\/page"}],"author":[{"embeddable":true,"href":"https:\/\/aicqpiemonte.it\/index.php\/wp-json\/wp\/v2\/users\/1"}],"replies":[{"embeddable":true,"href":"https:\/\/aicqpiemonte.it\/index.php\/wp-json\/wp\/v2\/comments?post=16370"}],"version-history":[{"count":9,"href":"https:\/\/aicqpiemonte.it\/index.php\/wp-json\/wp\/v2\/pages\/16370\/revisions"}],"predecessor-version":[{"id":17236,"href":"https:\/\/aicqpiemonte.it\/index.php\/wp-json\/wp\/v2\/pages\/16370\/revisions\/17236"}],"wp:attachment":[{"href":"https:\/\/aicqpiemonte.it\/index.php\/wp-json\/wp\/v2\/media?parent=16370"}],"curies":[{"name":"wp","href":"https:\/\/api.w.org\/{rel}","templated":true}]}}