{"id":16623,"date":"2023-01-11T15:34:07","date_gmt":"2023-01-11T15:34:07","guid":{"rendered":"https:\/\/aicqpiemonte.it\/?page_id=16623"},"modified":"2025-01-21T14:50:04","modified_gmt":"2025-01-21T14:50:04","slug":"automotive","status":"publish","type":"page","link":"https:\/\/aicqpiemonte.it\/index.php\/automotive\/","title":{"rendered":"Automotive"},"content":{"rendered":"\t\t<div data-elementor-type=\"wp-page\" data-elementor-id=\"16623\" class=\"elementor elementor-16623\">\n\t\t\t\t\t\t\t\t\t<section class=\"elementor-section elementor-top-section elementor-element elementor-element-9cb3c58 elementor-section-boxed elementor-section-height-default elementor-section-height-default\" data-id=\"9cb3c58\" data-element_type=\"section\">\n\t\t\t\t\t\t<div class=\"elementor-container elementor-column-gap-default\">\n\t\t\t\t\t<div class=\"elementor-column elementor-col-100 elementor-top-column elementor-element elementor-element-04556b8\" data-id=\"04556b8\" data-element_type=\"column\">\n\t\t\t<div class=\"elementor-widget-wrap elementor-element-populated\">\n\t\t\t\t\t\t\t\t<div class=\"elementor-element elementor-element-9f685fd elementor-widget elementor-widget-text-editor\" data-id=\"9f685fd\" data-element_type=\"widget\" data-widget_type=\"text-editor.default\">\n\t\t\t\t<div class=\"elementor-widget-container\">\n\t\t\t<style>\/*! elementor - v3.18.0 - 20-12-2023 *\/\n.elementor-widget-text-editor.elementor-drop-cap-view-stacked .elementor-drop-cap{background-color:#69727d;color:#fff}.elementor-widget-text-editor.elementor-drop-cap-view-framed .elementor-drop-cap{color:#69727d;border:3px solid;background-color:transparent}.elementor-widget-text-editor:not(.elementor-drop-cap-view-default) .elementor-drop-cap{margin-top:8px}.elementor-widget-text-editor:not(.elementor-drop-cap-view-default) .elementor-drop-cap-letter{width:1em;height:1em}.elementor-widget-text-editor .elementor-drop-cap{float:left;text-align:center;line-height:1;font-size:50px}.elementor-widget-text-editor .elementor-drop-cap-letter{display:inline-block}<\/style>\t\t\t\t<p data-sourcepos=\"7:1-7:237\">Il Settore Automotive di AICQ ha ufficialmente avviato un nuovo ciclo. Forte della sua storica collaborazione con la Federata Piemontese, l\u2019associazione si appresta a guidare il settore verso nuove sfide e opportunit\u00e0.<\/p><p data-sourcepos=\"9:1-9:296\">In data <strong>11 dicembre 2024<\/strong> si \u00e8 tenuta la <strong>prima riunione del nuovo consiglio direttivo<\/strong>, che ha visto la partecipazione di esperti e rappresentanti delle aziende socie operanti nel settore Automotive. L\u2019incontro \u00e8 stato l\u2019occasione per fare il punto della situazione e tracciare le prime linee guida per le attivit\u00e0 future.<\/p><div class=\"elementor-element elementor-element-87804fd elementor-widget elementor-widget-heading\" data-id=\"87804fd\" data-element_type=\"widget\" data-widget_type=\"heading.default\"><div class=\"elementor-widget-container\"><h1 class=\"elementor-heading-title elementor-size-default\">Consiglio direttivo<\/h1><\/div><\/div><div class=\"elementor-element elementor-element-2b253514 elementor-widget elementor-widget-heading\" data-id=\"2b253514\" data-element_type=\"widget\" data-widget_type=\"heading.default\"><div class=\"elementor-widget-container\"><h4 class=\"elementor-heading-title elementor-size-default\">Presidente<\/h4><\/div><\/div><div class=\"elementor-element elementor-element-b0b915a elementor-widget elementor-widget-text-editor\" data-id=\"b0b915a\" data-element_type=\"widget\" data-widget_type=\"text-editor.default\"><div class=\"elementor-widget-container\"><p><strong>Marco Vallone<br \/><\/strong><\/p><\/div><\/div><div class=\"elementor-element elementor-element-4f26fde1 elementor-widget elementor-widget-heading\" data-id=\"4f26fde1\" data-element_type=\"widget\" data-widget_type=\"heading.default\"><div class=\"elementor-widget-container\"><h4 class=\"elementor-heading-title elementor-size-default\">Vice presidente<\/h4><\/div><\/div><div class=\"elementor-element elementor-element-4675e123 elementor-widget elementor-widget-text-editor\" data-id=\"4675e123\" data-element_type=\"widget\" data-widget_type=\"text-editor.default\"><div class=\"elementor-widget-container\"><p><b>Marco Pollio<\/b><\/p><div class=\"elementor-element elementor-element-4f26fde1 elementor-widget elementor-widget-heading\" data-id=\"4f26fde1\" data-element_type=\"widget\" data-widget_type=\"heading.default\"><div class=\"elementor-widget-container\"><h4 class=\"elementor-heading-title elementor-size-default\">Segretario<\/h4><\/div><\/div><div class=\"elementor-element elementor-element-4675e123 elementor-widget elementor-widget-text-editor\" data-id=\"4675e123\" data-element_type=\"widget\" data-widget_type=\"text-editor.default\"><div class=\"elementor-widget-container\"><p><b>Giulio Veroni<\/b><\/p><\/div><\/div><\/div><\/div><div class=\"elementor-element elementor-element-7138b90 elementor-widget elementor-widget-heading\" data-id=\"7138b90\" data-element_type=\"widget\" data-widget_type=\"heading.default\"><div class=\"elementor-widget-container\"><h4 class=\"elementor-heading-title elementor-size-default\">Consiglieri<\/h4><\/div><\/div><div class=\"elementor-element elementor-element-af77285 elementor-widget elementor-widget-text-editor\" data-id=\"af77285\" data-element_type=\"widget\" data-widget_type=\"text-editor.default\"><div class=\"elementor-widget-container\"><p><b>Claudio Adamo<br \/>Christian Ametta<br \/>Massimo Bocca<br \/>Andrea Calisti<br \/>Pinuccio Colosimo<br \/>Carmine Salamone<br \/>Juan Pedro Toffoli<\/b><\/p><\/div><\/div><p data-sourcepos=\"11:1-12:252\"><strong>\u00a0<\/strong><\/p><p data-sourcepos=\"14:1-15:376\"><strong>Un settore in evoluzione<br \/><\/strong>Il settore Automotive italiano \u00e8 in un momento delicato e Torino, cuore pulsante dell&#8217;industria automobilistica nazionale, non fa eccezione. L&#8217;AICQ Piemontese, con il suo settore Automotive rinnovato, si impegna a supportare le aziende nel superare le sfide attuali e cogliere le opportunit\u00e0 future.<\/p><p>Il Settore AICQ Automotive si impegna a guidare l&#8217;industria automobilistica verso l&#8217;eccellenza, promuovendo una cultura della qualit\u00e0 pervasiva e sostenibile. Attraverso la diffusione di metodologie e strumenti all&#8217;avanguardia, supportiamo le aziende nel migliorare costantemente i loro prodotti, processi e servizi, garantendo la massima soddisfazione del cliente e il rispetto dei pi\u00f9 elevati standard di sicurezza.<\/p><p>In particolare si focalizza su:<\/p><ul><li><strong>Sviluppo di un approccio sistemico alla qualit\u00e0:<\/strong> promuoviamo l&#8217;integrazione dei sistemi di gestione della qualit\u00e0, come la IATF 16949, in tutti gli aspetti dell&#8217;azienda<\/li><li><strong>Valorizzazione delle persone:<\/strong> promuoviamo la formazione e lo sviluppo delle competenze del personale, affinch\u00e9 diventino i veri protagonisti del miglioramento continuo.<\/li><li><strong>Collaborazione con gli attori della filiera:<\/strong> favoriamo la creazione di network e sinergie tra aziende, fornitori, clienti e istituzioni, per costruire un ecosistema automotive sempre pi\u00f9 innovativo e competitivo.<\/li><li><strong>Anticipazione delle esigenze del mercato:<\/strong> monitoriamo costantemente le tendenze del settore e le normative internazionali, per offrire alle aziende gli strumenti necessari per affrontare le sfide future, come la sostenibilit\u00e0 e la digitalizzazione.<\/li><\/ul><p><strong><br \/>Per raggiungere questi obiettivi, il Settore Automotive organizza:<\/strong><\/p><ul><li><strong>Eventi di formazione e aggiornamento:<\/strong> corsi, seminari, webinar e conferenze focalizzati sulle ultime novit\u00e0 normative (es. IATF 16949), sulle tecnologie emergenti (es. Industria 4.0) e sulle tematiche di maggiore attualit\u00e0 (es. economia circolare, mobilit\u00e0 sostenibile).<\/li><li><strong>Iniziative di networking:<\/strong> tavole rotonde, workshop e visite aziendali per favorire lo scambio di esperienze e best practice tra aziende di diversi settori.<\/li><li><strong>Pubblicazioni e strumenti:<\/strong> guide, linee guida e strumenti pratici per supportare le aziende nell&#8217;implementazione dei sistemi di gestione della qualit\u00e0 e nell&#8217;affrontare le sfide della transizione ecologica e digitale.<\/li><li><strong>Collaborazioni internazionali:<\/strong> partecipiamo attivamente alle attivit\u00e0 delle principali associazioni internazionali, per promuovere gli standard qualitativi italiani a livello globale e favorire lo scambio di conoscenze tra esperti del settore.<\/li><\/ul><p data-sourcepos=\"14:1-15:376\">\u00a0<\/p>\t\t\t\t\t\t<\/div>\n\t\t\t\t<\/div>\n\t\t\t\t\t<\/div>\n\t\t<\/div>\n\t\t\t\t\t\t\t<\/div>\n\t\t<\/section>\n\t\t\t\t\t\t\t<\/div>\n\t\t","protected":false},"excerpt":{"rendered":"<p>Il Settore Automotive di AICQ ha ufficialmente avviato un nuovo ciclo. Forte della sua storica collaborazione con la Federata Piemontese, l\u2019associazione si appresta a guidare il settore verso nuove sfide e opportunit\u00e0. In data 11 dicembre 2024 si \u00e8 tenuta la prima riunione del nuovo consiglio direttivo, che ha visto la partecipazione di esperti e [&hellip;]<\/p>\n","protected":false},"author":1,"featured_media":0,"parent":0,"menu_order":0,"comment_status":"closed","ping_status":"closed","template":"","meta":{"inline_featured_image":false,"footnotes":""},"class_list":["post-16623","page","type-page","status-publish","hentry"],"_links":{"self":[{"href":"https:\/\/aicqpiemonte.it\/index.php\/wp-json\/wp\/v2\/pages\/16623","targetHints":{"allow":["GET"]}}],"collection":[{"href":"https:\/\/aicqpiemonte.it\/index.php\/wp-json\/wp\/v2\/pages"}],"about":[{"href":"https:\/\/aicqpiemonte.it\/index.php\/wp-json\/wp\/v2\/types\/page"}],"author":[{"embeddable":true,"href":"https:\/\/aicqpiemonte.it\/index.php\/wp-json\/wp\/v2\/users\/1"}],"replies":[{"embeddable":true,"href":"https:\/\/aicqpiemonte.it\/index.php\/wp-json\/wp\/v2\/comments?post=16623"}],"version-history":[{"count":28,"href":"https:\/\/aicqpiemonte.it\/index.php\/wp-json\/wp\/v2\/pages\/16623\/revisions"}],"predecessor-version":[{"id":17682,"href":"https:\/\/aicqpiemonte.it\/index.php\/wp-json\/wp\/v2\/pages\/16623\/revisions\/17682"}],"wp:attachment":[{"href":"https:\/\/aicqpiemonte.it\/index.php\/wp-json\/wp\/v2\/media?parent=16623"}],"curies":[{"name":"wp","href":"https:\/\/api.w.org\/{rel}","templated":true}]}}